{"id":329,"date":"2023-03-29T21:06:58","date_gmt":"2023-03-29T21:06:58","guid":{"rendered":"https:\/\/www.hotelparkan.cz\/?page_id=329"},"modified":"2023-03-29T21:06:59","modified_gmt":"2023-03-29T21:06:59","slug":"free-time","status":"publish","type":"page","link":"https:\/\/www.hotelparkan.cz\/?page_id=329&lang=en","title":{"rendered":"Free time"},"content":{"rendered":"\n<h1 class=\"has-text-align-center wp-block-heading\">Culture<\/h1>\n\n\n\n<h2 class=\"has-text-align-center wp-block-heading\">Museums in Prachatice<\/h2>\n\n\n\n<ul class=\"wp-block-list\">\n<li>Museum of Golden Path<\/li>\n\n\n\n<li>Lace Museum<\/li>\n\n\n\n<li>Exhibition of Czech Puppets and Circus<\/li>\n<\/ul>\n\n\n\n<h2 class=\"has-text-align-center wp-block-heading\">Galleries in Prachatice<\/h2>\n\n\n\n<ul class=\"wp-block-list\">\n<li>Gallery Doln\u00ed br\u00e1na<\/li>\n\n\n\n<li>Culture centrum of Otto Herbert Hajek<\/li>\n<\/ul>\n\n\n\n<h2 class=\"has-text-align-center wp-block-heading\">Castles<\/h2>\n\n\n\n<ul class=\"wp-block-list\">\n<li>Kratochv\u00edle<\/li>\n\n\n\n<li>Hlubok\u00e1 nad Vltavou<\/li>\n\n\n\n<li>Ro\u017emberk nad Vltavou<\/li>\n\n\n\n<li>\u010cesk\u00fd Krumlov<\/li>\n\n\n\n<li>Vimperk<\/li>\n\n\n\n<li>Helfenburk<\/li>\n\n\n\n<li>Hus<\/li>\n\n\n\n<li>Strakonice<\/li>\n\n\n\n<li>Rab\u00ed<\/li>\n<\/ul>\n\n\n\n<h2 class=\"has-text-align-center wp-block-heading\">Monuments<\/h2>\n\n\n\n<ul class=\"wp-block-list\">\n<li>Town reservation Prachatice<\/li>\n\n\n\n<li>Town reservation Netolice<\/li>\n\n\n\n<li>Hola\u0161ovice &#8211; village protected by UNESCO<\/li>\n\n\n\n<li>Alpine houses in Volary<\/li>\n\n\n\n<li>the largest stone sun clock in the Czech Republic &#8211; in Prachatice<\/li>\n<\/ul>\n\n\n\n<h1 class=\"has-text-align-center wp-block-heading\">Sports activities<\/h1>\n\n\n\n<h2 class=\"has-text-align-center wp-block-heading\">Trekking<\/h2>\n\n\n\n<ul class=\"wp-block-list\">\n<li>Zlat\u00e1 stezka (Golden path)<\/li>\n\n\n\n<li>Schwarzenbersk\u00fd channel<\/li>\n\n\n\n<li>Lib\u00edn<\/li>\n\n\n\n<li>tree top walks<\/li>\n\n\n\n<li>PLA and NP \u0160umava<\/li>\n<\/ul>\n\n\n\n<h2 class=\"has-text-align-center wp-block-heading\">Cycling<\/h2>\n\n\n\n<ul class=\"wp-block-list\">\n<li>CHKO a NP \u0160umava<\/li>\n\n\n\n<li>Schwarzenbersk\u00fd kan\u00e1l<\/li>\n\n\n\n<li>Lipno area<\/li>\n<\/ul>\n\n\n\n<h2 class=\"has-text-align-center wp-block-heading\">Swimming pools<\/h2>\n\n\n\n<ul class=\"wp-block-list\">\n<li>indoor swimming pool Prachatice<\/li>\n\n\n\n<li>outdoor swimming pool Hul\u00e1k Prachatice<\/li>\n\n\n\n<li>indoor and outdoor swimming pool \u010cesk\u00e9 Bud\u011bjovice<\/li>\n\n\n\n<li>indoor and outdoor swimming pool Strakonice<\/li>\n\n\n\n<li>indoor swimming pool Volary<\/li>\n\n\n\n<li>K\u0159i\u0161\u0165anovick\u00fd pond<\/li>\n\n\n\n<li>dam lake Husinec<\/li>\n\n\n\n<li>dam lake Lipno<\/li>\n<\/ul>\n\n\n\n<h2 class=\"has-text-align-center wp-block-heading\">Skiing<\/h2>\n\n\n\n<ul class=\"wp-block-list\">\n<li>Zadov<\/li>\n\n\n\n<li>Hochficht<\/li>\n\n\n\n<li>Mitterdorf<\/li>\n\n\n\n<li>Kramol\u00edn<\/li>\n\n\n\n<li>Nov\u00e9 Hut\u011b<\/li>\n\n\n\n<li>\u010cesk\u00e9 \u017dleby<\/li>\n\n\n\n<li>Lib\u00ednsk\u00e9 Sedlo<\/li>\n<\/ul>\n\n\n\n<h2 class=\"has-text-align-center wp-block-heading\">Adrenalin activities<\/h2>\n\n\n\n<ul class=\"wp-block-list\">\n<li>Adrenalin park Lib\u00edn<\/li>\n\n\n\n<li>Lipno Bobsleigh<\/li>\n<\/ul>\n\n\n\n<h3 class=\"has-text-align-center wp-block-heading\">Mushroom picking<\/h3>\n","protected":false},"excerpt":{"rendered":"<p>Culture Museums in Prachatice Galleries in Prachatice Castles Monuments Sports activities Trekking Cycling Swimming pools Skiing Adrenalin activities Mushroom picking<\/p>\n","protected":false},"author":1,"featured_media":0,"parent":0,"menu_order":0,"comment_status":"closed","ping_status":"closed","template":"","meta":{"footnotes":""},"class_list":["post-329","page","type-page","status-publish","hentry"],"_links":{"self":[{"href":"https:\/\/www.hotelparkan.cz\/index.php?rest_route=\/wp\/v2\/pages\/329","targetHints":{"allow":["GET"]}}],"collection":[{"href":"https:\/\/www.hotelparkan.cz\/index.php?rest_route=\/wp\/v2\/pages"}],"about":[{"href":"https:\/\/www.hotelparkan.cz\/index.php?rest_route=\/wp\/v2\/types\/page"}],"author":[{"embeddable":true,"href":"https:\/\/www.hotelparkan.cz\/index.php?rest_route=\/wp\/v2\/users\/1"}],"replies":[{"embeddable":true,"href":"https:\/\/www.hotelparkan.cz\/index.php?rest_route=%2Fwp%2Fv2%2Fcomments&post=329"}],"version-history":[{"count":1,"href":"https:\/\/www.hotelparkan.cz\/index.php?rest_route=\/wp\/v2\/pages\/329\/revisions"}],"predecessor-version":[{"id":330,"href":"https:\/\/www.hotelparkan.cz\/index.php?rest_route=\/wp\/v2\/pages\/329\/revisions\/330"}],"wp:attachment":[{"href":"https:\/\/www.hotelparkan.cz\/index.php?rest_route=%2Fwp%2Fv2%2Fmedia&parent=329"}],"curies":[{"name":"wp","href":"https:\/\/api.w.org\/{rel}","templated":true}]}}