{"id":255,"date":"2023-02-11T18:34:50","date_gmt":"2023-02-11T18:34:50","guid":{"rendered":"https:\/\/www.hotelparkan.cz\/?page_id=255"},"modified":"2023-02-11T18:37:46","modified_gmt":"2023-02-11T18:37:46","slug":"freizeit","status":"publish","type":"page","link":"https:\/\/www.hotelparkan.cz\/?page_id=255&lang=de","title":{"rendered":"Freizeit"},"content":{"rendered":"\n<h1 class=\"has-text-align-center wp-block-heading\">Kultur<\/h1>\n\n\n\n<h2 class=\"has-text-align-center wp-block-heading\">Museen in Prachatice<\/h2>\n\n\n\n<ul class=\"wp-block-list\">\n<li><strong>Museum des Goldenen Steiges<\/strong><\/li>\n\n\n\n<li><strong>Spitzenmuseum<\/strong><\/li>\n\n\n\n<li><strong>Ausstellung der tschechischen Marionetten und Zirkus<\/strong><\/li>\n<\/ul>\n\n\n\n<h2 class=\"has-text-align-center wp-block-heading\">Galerien in Prachatice<\/h2>\n\n\n\n<ul class=\"wp-block-list\">\n<li><strong>Galerie Doln\u00ed br\u00e1na<\/strong><\/li>\n\n\n\n<li><strong>Kulturzentrum von Otto Herbert Hajek<\/strong><\/li>\n<\/ul>\n\n\n\n<h2 class=\"has-text-align-center wp-block-heading\">Schl\u00f6sser<\/h2>\n\n\n\n<ul class=\"wp-block-list\">\n<li><strong>Kratochv\u00edle<\/strong><\/li>\n\n\n\n<li><strong>Hlubok\u00e1 nad Vltavou<\/strong><\/li>\n\n\n\n<li><strong>Ro\u017emberk nad Vltavou<\/strong><\/li>\n\n\n\n<li><strong>\u010cesk\u00fd Krumlov<\/strong><\/li>\n\n\n\n<li><strong>Vimperk<\/strong><\/li>\n\n\n\n<li><strong>Helfenburk<\/strong><\/li>\n\n\n\n<li><strong>Hus<\/strong><\/li>\n\n\n\n<li><strong>Strakonice<\/strong><\/li>\n\n\n\n<li><strong>Rab\u00ed<\/strong><\/li>\n<\/ul>\n\n\n\n<h2 class=\"has-text-align-center wp-block-heading\">Denkm\u00e4ler<\/h2>\n\n\n\n<ul class=\"wp-block-list\">\n<li><strong>Der historische Stadt Prachatice<\/strong><\/li>\n\n\n\n<li><strong>Der historische Stadt Netolice<\/strong><\/li>\n\n\n\n<li><strong>Hola\u0161ovice &#8211; das Dorf gesch\u00fctzte von UNESCO<\/strong><\/li>\n\n\n\n<li><strong>Alpine H\u00e4user in Volary<\/strong><\/li>\n\n\n\n<li><strong>der gr\u00f6sste steinerne Sonnenuhr in der Tschechischen Republik &#8211; in Prachatice<\/strong><\/li>\n<\/ul>\n\n\n\n<h1 class=\"has-text-align-center wp-block-heading\">Sport<\/h1>\n\n\n\n<h2 class=\"has-text-align-center wp-block-heading\">Trekking<\/h2>\n\n\n\n<ul class=\"wp-block-list\">\n<li><strong>Zlat\u00e1 stezka (Goldener Steig)<\/strong><\/li>\n\n\n\n<li><strong>Schwarzenbersk\u00fd Kanal<\/strong><\/li>\n\n\n\n<li><strong>Lib\u00edn<\/strong><\/li>\n\n\n\n<li><strong>Baumwipfelpfad<\/strong><\/li>\n\n\n\n<li><strong>PLA und Nationalpark \u0160umava<\/strong><\/li>\n<\/ul>\n\n\n\n<h2 class=\"has-text-align-center wp-block-heading\">Radfahren<\/h2>\n\n\n\n<ul class=\"wp-block-list\">\n<li><strong>PLA und Nationalpark \u0160umava<\/strong><\/li>\n\n\n\n<li><strong>Schwarzenbersk\u00fd Kanal<\/strong><\/li>\n\n\n\n<li><strong>Lipno area<\/strong><\/li>\n<\/ul>\n\n\n\n<h2 class=\"has-text-align-center wp-block-heading\">Schwimmb\u00e4der<\/h2>\n\n\n\n<ul class=\"wp-block-list\">\n<li><strong>Hallenbad Prachatice<\/strong><\/li>\n\n\n\n<li><strong>Freibad Hul\u00e1k Prachatice<\/strong><\/li>\n\n\n\n<li><strong>Freibad und Hallenbad \u010cesk\u00e9 Bud\u011bjovice<\/strong><\/li>\n\n\n\n<li><strong>Freibad und Hallenbad Strakonice<\/strong><\/li>\n\n\n\n<li><strong>Hallenbad Volary<\/strong><\/li>\n\n\n\n<li><strong>K\u0159i\u0161\u0165anovick\u00fd Teich<\/strong><\/li>\n\n\n\n<li><strong>Stausee Husinec<\/strong><\/li>\n\n\n\n<li><strong>Stausee Lipno<\/strong><\/li>\n<\/ul>\n\n\n\n<h2 class=\"has-text-align-center wp-block-heading\">Skifahren<\/h2>\n\n\n\n<ul class=\"wp-block-list\">\n<li><strong>Zadov<\/strong><\/li>\n\n\n\n<li><strong>Hochficht<\/strong><\/li>\n\n\n\n<li><strong>Mitterdorf<\/strong><\/li>\n\n\n\n<li><strong>Kramol\u00edn<\/strong><\/li>\n\n\n\n<li><strong>Nov\u00e9 Hut\u011b<\/strong><\/li>\n\n\n\n<li><strong>\u010cesk\u00e9 \u017dleby<\/strong><\/li>\n\n\n\n<li><strong>Lib\u00ednsk\u00e9 Sedlo<\/strong><\/li>\n<\/ul>\n\n\n\n<h2 class=\"has-text-align-center wp-block-heading\">Adrenalin-Aktivit\u00e4ten<\/h2>\n\n\n\n<ul class=\"wp-block-list\">\n<li><strong>Adrenalin-Park Lib\u00edn<\/strong><\/li>\n\n\n\n<li><strong>Lipno Bobsleigh<\/strong><\/li>\n<\/ul>\n\n\n\n<h2 class=\"has-text-align-center wp-block-heading\">Pilze sammeln<\/h2>\n","protected":false},"excerpt":{"rendered":"<p>Kultur Museen in Prachatice Galerien in Prachatice Schl\u00f6sser Denkm\u00e4ler Sport Trekking Radfahren Schwimmb\u00e4der Skifahren Adrenalin-Aktivit\u00e4ten Pilze sammeln<\/p>\n","protected":false},"author":1,"featured_media":0,"parent":0,"menu_order":0,"comment_status":"closed","ping_status":"closed","template":"","meta":{"footnotes":""},"class_list":["post-255","page","type-page","status-publish","hentry"],"_links":{"self":[{"href":"https:\/\/www.hotelparkan.cz\/index.php?rest_route=\/wp\/v2\/pages\/255","targetHints":{"allow":["GET"]}}],"collection":[{"href":"https:\/\/www.hotelparkan.cz\/index.php?rest_route=\/wp\/v2\/pages"}],"about":[{"href":"https:\/\/www.hotelparkan.cz\/index.php?rest_route=\/wp\/v2\/types\/page"}],"author":[{"embeddable":true,"href":"https:\/\/www.hotelparkan.cz\/index.php?rest_route=\/wp\/v2\/users\/1"}],"replies":[{"embeddable":true,"href":"https:\/\/www.hotelparkan.cz\/index.php?rest_route=%2Fwp%2Fv2%2Fcomments&post=255"}],"version-history":[{"count":3,"href":"https:\/\/www.hotelparkan.cz\/index.php?rest_route=\/wp\/v2\/pages\/255\/revisions"}],"predecessor-version":[{"id":259,"href":"https:\/\/www.hotelparkan.cz\/index.php?rest_route=\/wp\/v2\/pages\/255\/revisions\/259"}],"wp:attachment":[{"href":"https:\/\/www.hotelparkan.cz\/index.php?rest_route=%2Fwp%2Fv2%2Fmedia&parent=255"}],"curies":[{"name":"wp","href":"https:\/\/api.w.org\/{rel}","templated":true}]}}